{"id":30,"date":"2025-11-29T10:24:47","date_gmt":"2025-11-29T10:24:47","guid":{"rendered":"https:\/\/www.riikkal.vlab.fi\/ohjelmistokehitys\/?page_id=30"},"modified":"2025-12-07T14:21:44","modified_gmt":"2025-12-07T14:21:44","slug":"riikka","status":"publish","type":"page","link":"https:\/\/www.riikkal.vlab.fi\/ohjelmistokehitys\/index.php\/riikka\/","title":{"rendered":"Riikka \/ SEO-asiantuntija, valokuvaaja ja tuleva ohjelmistokehitt\u00e4j\u00e4"},"content":{"rendered":"\t\t<div data-elementor-type=\"wp-page\" data-elementor-id=\"30\" class=\"elementor elementor-30\">\n\t\t\t\t<div class=\"elementor-element elementor-element-6677ffe3 e-flex e-con-boxed e-con e-parent\" data-id=\"6677ffe3\" data-element_type=\"container\" data-e-type=\"container\">\n\t\t\t\t\t<div class=\"e-con-inner\">\n\t\t\t\t<div class=\"elementor-element elementor-element-4e274842 elementor-widget elementor-widget-text-editor\" data-id=\"4e274842\" data-element_type=\"widget\" data-e-type=\"widget\" data-widget_type=\"text-editor.default\">\n\t\t\t\t\t\t\t\t\t\n<p><em>Markkinoinnin ammattilainen, SEO-osaaja, frontend-kehitt\u00e4j\u00e4, visuaalinen suunnittelija ja valokuvaaja<\/em><\/p>\n\n\n\n<p>Olen\u00a0<strong>visuaalisen markkinoinnin osaaja<\/strong>, jolla on kokemusta verkkokaupan markkinoinnista ja SEO-strategioiden rakentamisesta. Frontend-kehityksen taitoni yhdistettyn\u00e4 SEO-osaamiseeni mahdollistavat sujuvan k\u00e4ytt\u00f6kokemuksen luomisen ja orgaanisen n\u00e4kyvyyden parantamisen. Olen toteuttanut uutiskirjekampanjoita, kehitt\u00e4nyt verkkokauppasivustoja ja luonut visuaalista sis\u00e4lt\u00f6\u00e4 valokuvauksen ja suunnitteluty\u00f6kalujen avulla. Asiakasl\u00e4ht\u00f6isyys, ongelmanratkaisu ja jatkuva kehittyminen ovat minulle t\u00e4rkeit\u00e4 arvoja.<\/p>\n\n\n\n<p>Innostun itseni kehitt\u00e4misest\u00e4 ja t\u00e4ll\u00e4 hetkell\u00e4 opiskelen ohjelmistokehitt\u00e4j\u00e4ksi.<\/p>\n\n\n\n<p><\/p>\n\t\t\t\t\t\t\t\t<\/div>\n\t\t\t\t<div class=\"elementor-element elementor-element-e570ed6 elementor-widget elementor-widget-image\" data-id=\"e570ed6\" data-element_type=\"widget\" data-e-type=\"widget\" data-widget_type=\"image.default\">\n\t\t\t\t\t\t\t\t\t\t\t\t\t\t\t<img fetchpriority=\"high\" decoding=\"async\" width=\"600\" height=\"900\" src=\"https:\/\/www.riikkal.vlab.fi\/ohjelmistokehitys\/wp-content\/uploads\/2025\/12\/SEO-osaaja-tuleva-ohjelmistokehittaja-riikka-lilja-niemi.jpg\" class=\"attachment-large size-large wp-image-47\" alt=\"\" srcset=\"https:\/\/www.riikkal.vlab.fi\/ohjelmistokehitys\/wp-content\/uploads\/2025\/12\/SEO-osaaja-tuleva-ohjelmistokehittaja-riikka-lilja-niemi.jpg 600w, https:\/\/www.riikkal.vlab.fi\/ohjelmistokehitys\/wp-content\/uploads\/2025\/12\/SEO-osaaja-tuleva-ohjelmistokehittaja-riikka-lilja-niemi-200x300.jpg 200w, https:\/\/www.riikkal.vlab.fi\/ohjelmistokehitys\/wp-content\/uploads\/2025\/12\/SEO-osaaja-tuleva-ohjelmistokehittaja-riikka-lilja-niemi-300x450.jpg 300w\" sizes=\"(max-width: 600px) 100vw, 600px\" \/>\t\t\t\t\t\t\t\t\t\t\t\t\t\t\t<\/div>\n\t\t\t\t\t<\/div>\n\t\t\t\t<\/div>\n\t\t\t\t<\/div>\n\t\t","protected":false},"excerpt":{"rendered":"<p>Markkinoinnin ammattilainen, SEO-osaaja, frontend-kehitt\u00e4j\u00e4, visuaalinen suunnittelija ja valokuvaaja Olen\u00a0visuaalisen markkinoinnin osaaja, jolla on kokemusta verkkokaupan markkinoinnista ja SEO-strategioiden rakentamisesta. Frontend-kehityksen taitoni yhdistettyn\u00e4 SEO-osaamiseeni mahdollistavat sujuvan k\u00e4ytt\u00f6kokemuksen luomisen ja orgaanisen n\u00e4kyvyyden parantamisen. Olen toteuttanut uutiskirjekampanjoita, kehitt\u00e4nyt verkkokauppasivustoja ja luonut visuaalista sis\u00e4lt\u00f6\u00e4 valokuvauksen ja suunnitteluty\u00f6kalujen avulla. Asiakasl\u00e4ht\u00f6isyys, ongelmanratkaisu ja jatkuva kehittyminen ovat minulle t\u00e4rkeit\u00e4 arvoja. Innostun itseni&#8230;<\/p>\n","protected":false},"author":1,"featured_media":0,"parent":0,"menu_order":0,"comment_status":"closed","ping_status":"closed","template":"","meta":{"footnotes":""},"class_list":["post-30","page","type-page","status-publish","hentry"],"_links":{"self":[{"href":"https:\/\/www.riikkal.vlab.fi\/ohjelmistokehitys\/index.php\/wp-json\/wp\/v2\/pages\/30","targetHints":{"allow":["GET"]}}],"collection":[{"href":"https:\/\/www.riikkal.vlab.fi\/ohjelmistokehitys\/index.php\/wp-json\/wp\/v2\/pages"}],"about":[{"href":"https:\/\/www.riikkal.vlab.fi\/ohjelmistokehitys\/index.php\/wp-json\/wp\/v2\/types\/page"}],"author":[{"embeddable":true,"href":"https:\/\/www.riikkal.vlab.fi\/ohjelmistokehitys\/index.php\/wp-json\/wp\/v2\/users\/1"}],"replies":[{"embeddable":true,"href":"https:\/\/www.riikkal.vlab.fi\/ohjelmistokehitys\/index.php\/wp-json\/wp\/v2\/comments?post=30"}],"version-history":[{"count":4,"href":"https:\/\/www.riikkal.vlab.fi\/ohjelmistokehitys\/index.php\/wp-json\/wp\/v2\/pages\/30\/revisions"}],"predecessor-version":[{"id":50,"href":"https:\/\/www.riikkal.vlab.fi\/ohjelmistokehitys\/index.php\/wp-json\/wp\/v2\/pages\/30\/revisions\/50"}],"wp:attachment":[{"href":"https:\/\/www.riikkal.vlab.fi\/ohjelmistokehitys\/index.php\/wp-json\/wp\/v2\/media?parent=30"}],"curies":[{"name":"wp","href":"https:\/\/api.w.org\/{rel}","templated":true}]}}